{"id":580,"date":"2020-12-08T08:18:14","date_gmt":"2020-12-08T08:18:14","guid":{"rendered":"https:\/\/ktcare.asia\/a-propos-une-nouvelle-habitude-pour-la-planete\/"},"modified":"2021-03-12T07:16:11","modified_gmt":"2021-03-12T07:16:11","slug":"a-propos-une-nouvelle-habitude-pour-la-planete","status":"publish","type":"page","link":"https:\/\/ktcare.asia\/fr\/a-propos-une-nouvelle-habitude-pour-la-planete\/","title":{"rendered":"\u00c0 propos, Une nouvelle habitude pour la plan\u00e8te"},"content":{"rendered":"\t\t<div data-elementor-type=\"wp-page\" data-elementor-id=\"580\" class=\"elementor elementor-580 elementor-41\">\n\t\t\t\t\t\t<div class=\"elementor-inner\">\n\t\t\t\t<div class=\"elementor-section-wrap\">\n\t\t\t\t\t\t\t\t\t<section class=\"elementor-section elementor-top-section elementor-element elementor-element-824f5de bloctitle elementor-section-boxed elementor-section-height-default elementor-section-height-default\" data-id=\"824f5de\" data-element_type=\"section\">\n\t\t\t\t\t\t<div class=\"elementor-container elementor-column-gap-default\">\n\t\t\t\t\t\t\t<div class=\"elementor-row\">\n\t\t\t\t\t<div class=\"elementor-column elementor-col-25 elementor-top-column elementor-element elementor-element-9121259\" data-id=\"9121259\" data-element_type=\"column\">\n\t\t\t<div class=\"elementor-column-wrap\">\n\t\t\t\t\t\t\t<div class=\"elementor-widget-wrap\">\n\t\t\t\t\t\t\t\t<\/div>\n\t\t\t\t\t<\/div>\n\t\t<\/div>\n\t\t\t\t<div class=\"elementor-column elementor-col-25 elementor-top-column elementor-element elementor-element-bdbdd55\" data-id=\"bdbdd55\" data-element_type=\"column\" data-settings=\"{&quot;background_background&quot;:&quot;classic&quot;}\">\n\t\t\t<div class=\"elementor-column-wrap elementor-element-populated\">\n\t\t\t\t\t\t\t<div class=\"elementor-widget-wrap\">\n\t\t\t\t\t\t<div class=\"elementor-element elementor-element-c70b522 elementor-widget elementor-widget-image\" data-id=\"c70b522\" data-element_type=\"widget\" data-widget_type=\"image.default\">\n\t\t\t\t<div class=\"elementor-widget-container\">\n\t\t\t\t\t\t\t\t<div class=\"elementor-image\">\n\t\t\t\t\t\t\t\t\t\t\t\t<img width=\"837\" height=\"837\" src=\"https:\/\/ktcare.asia\/wp-content\/uploads\/2020\/12\/whiteline.png\" class=\"attachment-large size-large\" alt=\"\" loading=\"lazy\" srcset=\"https:\/\/ktcare.asia\/wp-content\/uploads\/2020\/12\/whiteline.png 992w, https:\/\/ktcare.asia\/wp-content\/uploads\/2020\/12\/whiteline-300x300.png 300w, https:\/\/ktcare.asia\/wp-content\/uploads\/2020\/12\/whiteline-150x150.png 150w, https:\/\/ktcare.asia\/wp-content\/uploads\/2020\/12\/whiteline-768x768.png 768w, https:\/\/ktcare.asia\/wp-content\/uploads\/2020\/12\/whiteline-800x800.png 800w\" sizes=\"(max-width: 837px) 100vw, 837px\" \/>\t\t\t\t\t\t\t\t\t\t\t\t\t\t<\/div>\n\t\t\t\t\t\t<\/div>\n\t\t\t\t<\/div>\n\t\t\t\t\t\t<\/div>\n\t\t\t\t\t<\/div>\n\t\t<\/div>\n\t\t\t\t<div class=\"elementor-column elementor-col-25 elementor-top-column elementor-element elementor-element-c2f3f7d\" data-id=\"c2f3f7d\" data-element_type=\"column\" data-settings=\"{&quot;background_background&quot;:&quot;classic&quot;}\">\n\t\t\t<div class=\"elementor-column-wrap elementor-element-populated\">\n\t\t\t\t\t\t\t<div class=\"elementor-widget-wrap\">\n\t\t\t\t\t\t<div class=\"elementor-element elementor-element-8d22270 elementor-widget elementor-widget-heading\" data-id=\"8d22270\" data-element_type=\"widget\" data-widget_type=\"heading.default\">\n\t\t\t\t<div class=\"elementor-widget-container\">\n\t\t\t<h2 class=\"elementor-heading-title elementor-size-default\">Une nouvelle habitude pour la plan\u00e8te<\/h2>\t\t<\/div>\n\t\t\t\t<\/div>\n\t\t\t\t<div class=\"elementor-element elementor-element-755b9c9 elementor-widget elementor-widget-text-editor\" data-id=\"755b9c9\" data-element_type=\"widget\" data-widget_type=\"text-editor.default\">\n\t\t\t\t<div class=\"elementor-widget-container\">\n\t\t\t\t\t\t\t\t<div class=\"elementor-text-editor elementor-clearfix\">\n\t\t\t\t<p style=\"text-align: center;\">La marque KT Care a \u00e9t\u00e9 cr\u00e9\u00e9e par Babette Keller Liechti, une femme entrepreneur connue notamment pour sa grande expertise dans le domaine des microfibres. Elle fournit de grandes marques de luxe \u00e0 travers sa soci\u00e9t\u00e9 Keller Trading depuis trois d\u00e9cennies, en particulier celles actives dans les secteurs de la joaillerie et de l&#8217;horlogerie.<\/p>\n\t\t\t\t\t<\/div>\n\t\t\t\t\t\t<\/div>\n\t\t\t\t<\/div>\n\t\t\t\t\t\t<\/div>\n\t\t\t\t\t<\/div>\n\t\t<\/div>\n\t\t\t\t<div class=\"elementor-column elementor-col-25 elementor-top-column elementor-element elementor-element-b44ad39\" data-id=\"b44ad39\" data-element_type=\"column\">\n\t\t\t<div class=\"elementor-column-wrap\">\n\t\t\t\t\t\t\t<div class=\"elementor-widget-wrap\">\n\t\t\t\t\t\t\t\t<\/div>\n\t\t\t\t\t<\/div>\n\t\t<\/div>\n\t\t\t\t\t\t\t\t<\/div>\n\t\t\t\t\t<\/div>\n\t\t<\/section>\n\t\t\t\t<section class=\"elementor-section elementor-top-section elementor-element elementor-element-169f8fd elementor-section-boxed elementor-section-height-default elementor-section-height-default\" data-id=\"169f8fd\" data-element_type=\"section\">\n\t\t\t\t\t\t<div class=\"elementor-container elementor-column-gap-default\">\n\t\t\t\t\t\t\t<div class=\"elementor-row\">\n\t\t\t\t\t<div class=\"elementor-column elementor-col-33 elementor-top-column elementor-element elementor-element-a511278 elementor-hidden-tablet elementor-hidden-phone\" data-id=\"a511278\" data-element_type=\"column\">\n\t\t\t<div class=\"elementor-column-wrap\">\n\t\t\t\t\t\t\t<div class=\"elementor-widget-wrap\">\n\t\t\t\t\t\t\t\t<\/div>\n\t\t\t\t\t<\/div>\n\t\t<\/div>\n\t\t\t\t<div class=\"elementor-column elementor-col-33 elementor-top-column elementor-element elementor-element-7efdf79\" data-id=\"7efdf79\" data-element_type=\"column\">\n\t\t\t<div class=\"elementor-column-wrap elementor-element-populated\">\n\t\t\t\t\t\t\t<div class=\"elementor-widget-wrap\">\n\t\t\t\t\t\t<div class=\"elementor-element elementor-element-3dbd9c9 elementor-widget elementor-widget-text-editor\" data-id=\"3dbd9c9\" data-element_type=\"widget\" data-widget_type=\"text-editor.default\">\n\t\t\t\t<div class=\"elementor-widget-container\">\n\t\t\t\t\t\t\t\t<div class=\"elementor-text-editor elementor-clearfix\">\n\t\t\t\t<p> Convaincue depuis longtemps du potentiel des microfibres et de leurs applications au quotidien, elle a d\u00e9velopp\u00e9 toute une gamme de produits qui se sont rapidement av\u00e9r\u00e9s indispensables dans de nombreux contextes: soins quotidiens, hygi\u00e8ne, sport, hygi\u00e8ne corporelle et outdoor Activit\u00e9s. Chaque produit est con\u00e7u pour r\u00e9pondre \u00e0 deux exigences essentielles: efficacit\u00e9 et \u00e9co-responsabilit\u00e9. <\/p>\n<p> Fid\u00e8le \u00e0 la technique qui a fait la r\u00e9putation de son entreprise &#8211; en utilisant des microfibres tricot\u00e9es plut\u00f4t que tiss\u00e9es &#8211; Babette a cr\u00e9\u00e9 un gant d\u00e9maquillant r\u00e9volutionnaire qui permet un d\u00e9maquillage parfait en utilisant uniquement de l&#8217;eau. Son incroyable efficacit\u00e9, associ\u00e9e \u00e0 des avantages \u00e9cologiques \u00e9vidents, en fait un v\u00e9ritable changeur de jeu dans le domaine de la cosm\u00e9tique. Plus besoin de liquides nettoyants, de coton ou de lingettes d\u00e9maquillantes. Chaque gant est lavable et r\u00e9utilisable pendant bien plus de deux ans. <\/p>\n<p> Si Babette se rend compte que son gant a la capacit\u00e9 de r\u00e9volutionner le rituel de nettoyage pour des centaines de millions de femmes \u00e0 travers le monde, ses avantages \u00e9cologiques sont tout aussi attirant. L&#8217;environnement est une priorit\u00e9 urgente pour elle, non seulement dans le monde d&#8217;aujourd&#8217;hui mais surtout dans la mesure o\u00f9 elle souhaite laisser \u00e0 ses enfants et petits-enfants. <\/p>\n<p> &#8220;Une nouvelle habitude pour la plan\u00e8te&#8221; &#8230; C&#8217;est ainsi que Babette voit La mission de KT Care! <\/p>\n\t\t\t\t\t<\/div>\n\t\t\t\t\t\t<\/div>\n\t\t\t\t<\/div>\n\t\t\t\t\t\t<\/div>\n\t\t\t\t\t<\/div>\n\t\t<\/div>\n\t\t\t\t<div class=\"elementor-column elementor-col-33 elementor-top-column elementor-element elementor-element-08e13fa elementor-hidden-tablet elementor-hidden-phone\" data-id=\"08e13fa\" data-element_type=\"column\">\n\t\t\t<div class=\"elementor-column-wrap\">\n\t\t\t\t\t\t\t<div class=\"elementor-widget-wrap\">\n\t\t\t\t\t\t\t\t<\/div>\n\t\t\t\t\t<\/div>\n\t\t<\/div>\n\t\t\t\t\t\t\t\t<\/div>\n\t\t\t\t\t<\/div>\n\t\t<\/section>\n\t\t\t\t\t\t\t\t\t<\/div>\n\t\t\t<\/div>\n\t\t\t\t\t<\/div>\n\t\t","protected":false},"excerpt":{"rendered":"<p>Une nouvelle habitude pour la plan\u00e8te La marque KT Care a \u00e9t\u00e9 cr\u00e9\u00e9e par Babette Keller Liechti, une femme entrepreneur connue notamment pour sa grande expertise dans le domaine des microfibres. Elle fournit de grandes marques de luxe \u00e0 travers sa soci\u00e9t\u00e9 Keller Trading depuis trois d\u00e9cennies, en particulier celles actives dans les secteurs de\n <a href=\"https:\/\/ktcare.asia\/fr\/a-propos-une-nouvelle-habitude-pour-la-planete\/\" class=\"read-more below\" title=\"READ MORE\">READ MORE<\/a><\/p>","protected":false},"author":1,"featured_media":0,"parent":0,"menu_order":0,"comment_status":"closed","ping_status":"closed","template":"","meta":[],"yoast_head":"<!-- This site is optimized with the Yoast SEO plugin v16.6.1 - https:\/\/yoast.com\/wordpress\/plugins\/seo\/ -->\n<title>\u00c0 propos, Une nouvelle habitude pour la plan\u00e8te - KT Care Asia<\/title>\n<meta name=\"robots\" content=\"index, follow, max-snippet:-1, max-image-preview:large, max-video-preview:-1\" \/>\n<link rel=\"canonical\" href=\"https:\/\/ktcare.asia\/about\/\" \/>\n<meta property=\"og:locale\" content=\"fr_FR\" \/>\n<meta property=\"og:type\" content=\"article\" \/>\n<meta property=\"og:title\" content=\"\u00c0 propos, Une nouvelle habitude pour la plan\u00e8te - KT Care Asia\" \/>\n<meta property=\"og:description\" content=\"Une nouvelle habitude pour la plan\u00e8te La marque KT Care a \u00e9t\u00e9 cr\u00e9\u00e9e par Babette Keller Liechti, une femme entrepreneur connue notamment pour sa grande expertise dans le domaine des microfibres. Elle fournit de grandes marques de luxe \u00e0 travers sa soci\u00e9t\u00e9 Keller Trading depuis trois d\u00e9cennies, en particulier celles actives dans les secteurs de\" \/>\n<meta property=\"og:url\" content=\"https:\/\/ktcare.asia\/about\/\" \/>\n<meta property=\"og:site_name\" content=\"KT Care Asia\" \/>\n<meta property=\"article:modified_time\" content=\"2021-03-12T07:16:11+00:00\" \/>\n<meta property=\"og:image\" content=\"https:\/\/ktcare.asia\/wp-content\/uploads\/2020\/12\/whiteline.png\" \/>\n<meta name=\"twitter:card\" content=\"summary_large_image\" \/>\n<meta name=\"twitter:label1\" content=\"Dur\u00e9e de lecture est.\" \/>\n\t<meta name=\"twitter:data1\" content=\"1 minute\" \/>\n<script type=\"application\/ld+json\" class=\"yoast-schema-graph\">{\"@context\":\"https:\/\/schema.org\",\"@graph\":[{\"@type\":\"WebSite\",\"@id\":\"https:\/\/ktcare.asia\/#website\",\"url\":\"https:\/\/ktcare.asia\/\",\"name\":\"KT Care Asia\",\"description\":\"The new touch for the environment\",\"potentialAction\":[{\"@type\":\"SearchAction\",\"target\":{\"@type\":\"EntryPoint\",\"urlTemplate\":\"https:\/\/ktcare.asia\/?s={search_term_string}\"},\"query-input\":\"required name=search_term_string\"}],\"inLanguage\":\"fr-FR\"},{\"@type\":\"ImageObject\",\"@id\":\"https:\/\/ktcare.asia\/about\/#primaryimage\",\"inLanguage\":\"fr-FR\",\"url\":\"https:\/\/ktcare.asia\/wp-content\/uploads\/2020\/12\/whiteline.png\",\"contentUrl\":\"https:\/\/ktcare.asia\/wp-content\/uploads\/2020\/12\/whiteline.png\",\"width\":992,\"height\":992},{\"@type\":\"WebPage\",\"@id\":\"https:\/\/ktcare.asia\/about\/#webpage\",\"url\":\"https:\/\/ktcare.asia\/about\/\",\"name\":\"\\u00c0 propos, Une nouvelle habitude pour la plan\\u00e8te - KT Care Asia\",\"isPartOf\":{\"@id\":\"https:\/\/ktcare.asia\/#website\"},\"primaryImageOfPage\":{\"@id\":\"https:\/\/ktcare.asia\/about\/#primaryimage\"},\"datePublished\":\"2020-12-08T08:18:14+00:00\",\"dateModified\":\"2021-03-12T07:16:11+00:00\",\"breadcrumb\":{\"@id\":\"https:\/\/ktcare.asia\/about\/#breadcrumb\"},\"inLanguage\":\"fr-FR\",\"potentialAction\":[{\"@type\":\"ReadAction\",\"target\":[\"https:\/\/ktcare.asia\/about\/\"]}]},{\"@type\":\"BreadcrumbList\",\"@id\":\"https:\/\/ktcare.asia\/about\/#breadcrumb\",\"itemListElement\":[{\"@type\":\"ListItem\",\"position\":1,\"name\":\"Home\",\"item\":\"https:\/\/ktcare.asia\/\"},{\"@type\":\"ListItem\",\"position\":2,\"name\":\"\\u00c0 propos, Une nouvelle habitude pour la plan\\u00e8te\"}]}]}<\/script>\n<!-- \/ Yoast SEO plugin. -->","_links":{"self":[{"href":"https:\/\/ktcare.asia\/fr\/wp-json\/wp\/v2\/pages\/580"}],"collection":[{"href":"https:\/\/ktcare.asia\/fr\/wp-json\/wp\/v2\/pages"}],"about":[{"href":"https:\/\/ktcare.asia\/fr\/wp-json\/wp\/v2\/types\/page"}],"author":[{"embeddable":true,"href":"https:\/\/ktcare.asia\/fr\/wp-json\/wp\/v2\/users\/1"}],"replies":[{"embeddable":true,"href":"https:\/\/ktcare.asia\/fr\/wp-json\/wp\/v2\/comments?post=580"}],"version-history":[{"count":3,"href":"https:\/\/ktcare.asia\/fr\/wp-json\/wp\/v2\/pages\/580\/revisions"}],"predecessor-version":[{"id":928,"href":"https:\/\/ktcare.asia\/fr\/wp-json\/wp\/v2\/pages\/580\/revisions\/928"}],"wp:attachment":[{"href":"https:\/\/ktcare.asia\/fr\/wp-json\/wp\/v2\/media?parent=580"}],"curies":[{"name":"wp","href":"https:\/\/api.w.org\/{rel}","templated":true}]}}