{"id":920,"date":"2021-03-12T06:16:12","date_gmt":"2021-03-12T06:16:12","guid":{"rendered":"https:\/\/ktcare.asia\/nous-nous-soucions-de-la-planete\/"},"modified":"2021-03-12T06:16:13","modified_gmt":"2021-03-12T06:16:13","slug":"nous-nous-soucions-de-la-planete","status":"publish","type":"page","link":"https:\/\/ktcare.asia\/fr\/nous-nous-soucions-de-la-planete\/","title":{"rendered":"Nous nous soucions de la plan\u00e8te"},"content":{"rendered":"\t\t<div data-elementor-type=\"wp-page\" data-elementor-id=\"920\" class=\"elementor elementor-920 elementor-409\">\n\t\t\t\t\t\t<div class=\"elementor-inner\">\n\t\t\t\t<div class=\"elementor-section-wrap\">\n\t\t\t\t\t\t\t\t\t<section class=\"elementor-section elementor-top-section elementor-element elementor-element-0991fec bloctitle elementor-reverse-mobile elementor-section-boxed elementor-section-height-default elementor-section-height-default\" data-id=\"0991fec\" data-element_type=\"section\">\n\t\t\t\t\t\t<div class=\"elementor-container elementor-column-gap-no\">\n\t\t\t\t\t\t\t<div class=\"elementor-row\">\n\t\t\t\t\t<div class=\"elementor-column elementor-col-25 elementor-top-column elementor-element elementor-element-d643832\" data-id=\"d643832\" data-element_type=\"column\">\n\t\t\t<div class=\"elementor-column-wrap\">\n\t\t\t\t\t\t\t<div class=\"elementor-widget-wrap\">\n\t\t\t\t\t\t\t\t<\/div>\n\t\t\t\t\t<\/div>\n\t\t<\/div>\n\t\t\t\t<div class=\"elementor-column elementor-col-25 elementor-top-column elementor-element elementor-element-1d664d8\" data-id=\"1d664d8\" data-element_type=\"column\" data-settings=\"{&quot;background_background&quot;:&quot;classic&quot;}\">\n\t\t\t<div class=\"elementor-column-wrap elementor-element-populated\">\n\t\t\t\t\t\t\t<div class=\"elementor-widget-wrap\">\n\t\t\t\t\t\t<div class=\"elementor-element elementor-element-e5e770b elementor-widget elementor-widget-heading\" data-id=\"e5e770b\" data-element_type=\"widget\" data-widget_type=\"heading.default\">\n\t\t\t\t<div class=\"elementor-widget-container\">\n\t\t\t<h2 class=\"elementor-heading-title elementor-size-default\">Nous nous soucions de la plan\u00e8te<\/h2>\t\t<\/div>\n\t\t\t\t<\/div>\n\t\t\t\t<div class=\"elementor-element elementor-element-3ff6a02 elementor-widget elementor-widget-text-editor\" data-id=\"3ff6a02\" data-element_type=\"widget\" data-widget_type=\"text-editor.default\">\n\t\t\t\t<div class=\"elementor-widget-container\">\n\t\t\t\t\t\t\t\t<div class=\"elementor-text-editor elementor-clearfix\">\n\t\t\t\t<p>Chez KT Care, nous nous soucions de notre environnement. En m\u00eame temps, nous pensons qu&#8217;il est possible de concilier le bien-\u00eatre de la plan\u00e8te avec notre propre confort. Notre approche n&#8217;est ni parfaite ni infaillible, mais nos efforts sont bien r\u00e9els.<\/p>\n\t\t\t\t\t<\/div>\n\t\t\t\t\t\t<\/div>\n\t\t\t\t<\/div>\n\t\t\t\t\t\t<\/div>\n\t\t\t\t\t<\/div>\n\t\t<\/div>\n\t\t\t\t<div class=\"elementor-column elementor-col-25 elementor-top-column elementor-element elementor-element-31183ff\" data-id=\"31183ff\" data-element_type=\"column\" data-settings=\"{&quot;background_background&quot;:&quot;classic&quot;}\">\n\t\t\t<div class=\"elementor-column-wrap elementor-element-populated\">\n\t\t\t\t\t\t\t<div class=\"elementor-widget-wrap\">\n\t\t\t\t\t\t<div class=\"elementor-element elementor-element-0bcea83 elementor-widget elementor-widget-image\" data-id=\"0bcea83\" data-element_type=\"widget\" data-widget_type=\"image.default\">\n\t\t\t\t<div class=\"elementor-widget-container\">\n\t\t\t\t\t\t\t\t<div class=\"elementor-image\">\n\t\t\t\t\t\t\t\t\t\t\t\t<img width=\"837\" height=\"837\" src=\"https:\/\/ktcare.asia\/wp-content\/uploads\/2020\/12\/whiteline.png\" class=\"attachment-large size-large\" alt=\"\" loading=\"lazy\" srcset=\"https:\/\/ktcare.asia\/wp-content\/uploads\/2020\/12\/whiteline.png 992w, https:\/\/ktcare.asia\/wp-content\/uploads\/2020\/12\/whiteline-300x300.png 300w, https:\/\/ktcare.asia\/wp-content\/uploads\/2020\/12\/whiteline-150x150.png 150w, https:\/\/ktcare.asia\/wp-content\/uploads\/2020\/12\/whiteline-768x768.png 768w, https:\/\/ktcare.asia\/wp-content\/uploads\/2020\/12\/whiteline-800x800.png 800w\" sizes=\"(max-width: 837px) 100vw, 837px\" \/>\t\t\t\t\t\t\t\t\t\t\t\t\t\t<\/div>\n\t\t\t\t\t\t<\/div>\n\t\t\t\t<\/div>\n\t\t\t\t\t\t<\/div>\n\t\t\t\t\t<\/div>\n\t\t<\/div>\n\t\t\t\t<div class=\"elementor-column elementor-col-25 elementor-top-column elementor-element elementor-element-0453b85\" data-id=\"0453b85\" data-element_type=\"column\">\n\t\t\t<div class=\"elementor-column-wrap\">\n\t\t\t\t\t\t\t<div class=\"elementor-widget-wrap\">\n\t\t\t\t\t\t\t\t<\/div>\n\t\t\t\t\t<\/div>\n\t\t<\/div>\n\t\t\t\t\t\t\t\t<\/div>\n\t\t\t\t\t<\/div>\n\t\t<\/section>\n\t\t\t\t<section class=\"elementor-section elementor-top-section elementor-element elementor-element-6d81a25 bloctitle elementor-section-boxed elementor-section-height-default elementor-section-height-default\" data-id=\"6d81a25\" data-element_type=\"section\">\n\t\t\t\t\t\t<div class=\"elementor-container elementor-column-gap-no\">\n\t\t\t\t\t\t\t<div class=\"elementor-row\">\n\t\t\t\t\t<div class=\"elementor-column elementor-col-25 elementor-top-column elementor-element elementor-element-23946a1\" data-id=\"23946a1\" data-element_type=\"column\">\n\t\t\t<div class=\"elementor-column-wrap\">\n\t\t\t\t\t\t\t<div class=\"elementor-widget-wrap\">\n\t\t\t\t\t\t\t\t<\/div>\n\t\t\t\t\t<\/div>\n\t\t<\/div>\n\t\t\t\t<div class=\"elementor-column elementor-col-25 elementor-top-column elementor-element elementor-element-ac1917c\" data-id=\"ac1917c\" data-element_type=\"column\" data-settings=\"{&quot;background_background&quot;:&quot;classic&quot;}\">\n\t\t\t<div class=\"elementor-column-wrap elementor-element-populated\">\n\t\t\t\t\t\t\t<div class=\"elementor-widget-wrap\">\n\t\t\t\t\t\t<div class=\"elementor-element elementor-element-a6980d9 elementor-widget elementor-widget-image\" data-id=\"a6980d9\" data-element_type=\"widget\" data-widget_type=\"image.default\">\n\t\t\t\t<div class=\"elementor-widget-container\">\n\t\t\t\t\t\t\t\t<div class=\"elementor-image\">\n\t\t\t\t\t\t\t\t\t\t\t\t<img width=\"837\" height=\"837\" src=\"https:\/\/ktcare.asia\/wp-content\/uploads\/2020\/12\/whiteline.png\" class=\"attachment-large size-large\" alt=\"\" loading=\"lazy\" srcset=\"https:\/\/ktcare.asia\/wp-content\/uploads\/2020\/12\/whiteline.png 992w, https:\/\/ktcare.asia\/wp-content\/uploads\/2020\/12\/whiteline-300x300.png 300w, https:\/\/ktcare.asia\/wp-content\/uploads\/2020\/12\/whiteline-150x150.png 150w, https:\/\/ktcare.asia\/wp-content\/uploads\/2020\/12\/whiteline-768x768.png 768w, https:\/\/ktcare.asia\/wp-content\/uploads\/2020\/12\/whiteline-800x800.png 800w\" sizes=\"(max-width: 837px) 100vw, 837px\" \/>\t\t\t\t\t\t\t\t\t\t\t\t\t\t<\/div>\n\t\t\t\t\t\t<\/div>\n\t\t\t\t<\/div>\n\t\t\t\t\t\t<\/div>\n\t\t\t\t\t<\/div>\n\t\t<\/div>\n\t\t\t\t<div class=\"elementor-column elementor-col-25 elementor-top-column elementor-element elementor-element-27a9515\" data-id=\"27a9515\" data-element_type=\"column\">\n\t\t\t<div class=\"elementor-column-wrap elementor-element-populated\">\n\t\t\t\t\t\t\t<div class=\"elementor-widget-wrap\">\n\t\t\t\t\t\t<div class=\"elementor-element elementor-element-81a4232 elementor-widget elementor-widget-heading\" data-id=\"81a4232\" data-element_type=\"widget\" data-widget_type=\"heading.default\">\n\t\t\t\t<div class=\"elementor-widget-container\">\n\t\t\t<h2 class=\"elementor-heading-title elementor-size-default\">Un produit propre<\/h2>\t\t<\/div>\n\t\t\t\t<\/div>\n\t\t\t\t<div class=\"elementor-element elementor-element-5708120 elementor-widget elementor-widget-text-editor\" data-id=\"5708120\" data-element_type=\"widget\" data-widget_type=\"text-editor.default\">\n\t\t\t\t<div class=\"elementor-widget-container\">\n\t\t\t\t\t\t\t\t<div class=\"elementor-text-editor elementor-clearfix\">\n\t\t\t\t<p>Le gant d\u00e9maquillant KT Care est le fruit d&#8217;une d\u00e9marche propre et \u00e9thique. Aucun produit chimique ou allerg\u00e8ne n&#8217;est ajout\u00e9. Aucun colorant n&#8217;est utilis\u00e9 dans sa fabrication et sa couleur blanche est celle de la fibre. Et il va sans dire que le gant d\u00e9maquillant KT Care n&#8217;a pas \u00e9t\u00e9 test\u00e9 sur les animaux et est 100% vegan.<\/p>\n\t\t\t\t\t<\/div>\n\t\t\t\t\t\t<\/div>\n\t\t\t\t<\/div>\n\t\t\t\t\t\t<\/div>\n\t\t\t\t\t<\/div>\n\t\t<\/div>\n\t\t\t\t<div class=\"elementor-column elementor-col-25 elementor-top-column elementor-element elementor-element-7cac2be\" data-id=\"7cac2be\" data-element_type=\"column\">\n\t\t\t<div class=\"elementor-column-wrap\">\n\t\t\t\t\t\t\t<div class=\"elementor-widget-wrap\">\n\t\t\t\t\t\t\t\t<\/div>\n\t\t\t\t\t<\/div>\n\t\t<\/div>\n\t\t\t\t\t\t\t\t<\/div>\n\t\t\t\t\t<\/div>\n\t\t<\/section>\n\t\t\t\t<section class=\"elementor-section elementor-top-section elementor-element elementor-element-be89045 bloctitle elementor-reverse-mobile elementor-section-boxed elementor-section-height-default elementor-section-height-default\" data-id=\"be89045\" data-element_type=\"section\">\n\t\t\t\t\t\t<div class=\"elementor-container elementor-column-gap-no\">\n\t\t\t\t\t\t\t<div class=\"elementor-row\">\n\t\t\t\t\t<div class=\"elementor-column elementor-col-25 elementor-top-column elementor-element elementor-element-72abe24\" data-id=\"72abe24\" data-element_type=\"column\">\n\t\t\t<div class=\"elementor-column-wrap\">\n\t\t\t\t\t\t\t<div class=\"elementor-widget-wrap\">\n\t\t\t\t\t\t\t\t<\/div>\n\t\t\t\t\t<\/div>\n\t\t<\/div>\n\t\t\t\t<div class=\"elementor-column elementor-col-25 elementor-top-column elementor-element elementor-element-88ddd08\" data-id=\"88ddd08\" data-element_type=\"column\">\n\t\t\t<div class=\"elementor-column-wrap elementor-element-populated\">\n\t\t\t\t\t\t\t<div class=\"elementor-widget-wrap\">\n\t\t\t\t\t\t<div class=\"elementor-element elementor-element-de13221 elementor-widget elementor-widget-heading\" data-id=\"de13221\" data-element_type=\"widget\" data-widget_type=\"heading.default\">\n\t\t\t\t<div class=\"elementor-widget-container\">\n\t\t\t<h2 class=\"elementor-heading-title elementor-size-default\">B\u00e9n\u00e9fique \u00e0 tous \u00e9gards<\/h2>\t\t<\/div>\n\t\t\t\t<\/div>\n\t\t\t\t<div class=\"elementor-element elementor-element-12423f5 elementor-widget elementor-widget-text-editor\" data-id=\"12423f5\" data-element_type=\"widget\" data-widget_type=\"text-editor.default\">\n\t\t\t\t<div class=\"elementor-widget-container\">\n\t\t\t\t\t\t\t\t<div class=\"elementor-text-editor elementor-clearfix\">\n\t\t\t\t<p>Le fait que le gant KT Care \u00e9vite l&#8217;utilisation de produits d\u00e9maquillants n&#8217;est pas seulement b\u00e9n\u00e9fique pour votre peau, mais aussi pour l&#8217;environnement. Sur une p\u00e9riode de deux ans, une dizaine de bouteilles en plastique de produits d\u00e9maquillants en moyenne ne seront pas produites. Sans parler des 2 000 \u00e0 2 500 tampons de coton n\u00e9cessaires pour appliquer ces produits sur votre peau.<\/p>\n\t\t\t\t\t<\/div>\n\t\t\t\t\t\t<\/div>\n\t\t\t\t<\/div>\n\t\t\t\t\t\t<\/div>\n\t\t\t\t\t<\/div>\n\t\t<\/div>\n\t\t\t\t<div class=\"elementor-column elementor-col-25 elementor-top-column elementor-element elementor-element-4f5d076\" data-id=\"4f5d076\" data-element_type=\"column\" data-settings=\"{&quot;background_background&quot;:&quot;classic&quot;}\">\n\t\t\t<div class=\"elementor-column-wrap elementor-element-populated\">\n\t\t\t\t\t\t\t<div class=\"elementor-widget-wrap\">\n\t\t\t\t\t\t<div class=\"elementor-element elementor-element-34706d3 elementor-widget elementor-widget-image\" data-id=\"34706d3\" data-element_type=\"widget\" data-widget_type=\"image.default\">\n\t\t\t\t<div class=\"elementor-widget-container\">\n\t\t\t\t\t\t\t\t<div class=\"elementor-image\">\n\t\t\t\t\t\t\t\t\t\t\t\t<img width=\"837\" height=\"837\" src=\"https:\/\/ktcare.asia\/wp-content\/uploads\/2020\/12\/whiteline.png\" class=\"attachment-large size-large\" alt=\"\" loading=\"lazy\" srcset=\"https:\/\/ktcare.asia\/wp-content\/uploads\/2020\/12\/whiteline.png 992w, https:\/\/ktcare.asia\/wp-content\/uploads\/2020\/12\/whiteline-300x300.png 300w, https:\/\/ktcare.asia\/wp-content\/uploads\/2020\/12\/whiteline-150x150.png 150w, https:\/\/ktcare.asia\/wp-content\/uploads\/2020\/12\/whiteline-768x768.png 768w, https:\/\/ktcare.asia\/wp-content\/uploads\/2020\/12\/whiteline-800x800.png 800w\" sizes=\"(max-width: 837px) 100vw, 837px\" \/>\t\t\t\t\t\t\t\t\t\t\t\t\t\t<\/div>\n\t\t\t\t\t\t<\/div>\n\t\t\t\t<\/div>\n\t\t\t\t\t\t<\/div>\n\t\t\t\t\t<\/div>\n\t\t<\/div>\n\t\t\t\t<div class=\"elementor-column elementor-col-25 elementor-top-column elementor-element elementor-element-bc68c0f\" data-id=\"bc68c0f\" data-element_type=\"column\">\n\t\t\t<div class=\"elementor-column-wrap\">\n\t\t\t\t\t\t\t<div class=\"elementor-widget-wrap\">\n\t\t\t\t\t\t\t\t<\/div>\n\t\t\t\t\t<\/div>\n\t\t<\/div>\n\t\t\t\t\t\t\t\t<\/div>\n\t\t\t\t\t<\/div>\n\t\t<\/section>\n\t\t\t\t<section class=\"elementor-section elementor-top-section elementor-element elementor-element-5754ba6 bloctitle elementor-section-boxed elementor-section-height-default elementor-section-height-default\" data-id=\"5754ba6\" data-element_type=\"section\">\n\t\t\t\t\t\t<div class=\"elementor-container elementor-column-gap-no\">\n\t\t\t\t\t\t\t<div class=\"elementor-row\">\n\t\t\t\t\t<div class=\"elementor-column elementor-col-25 elementor-top-column elementor-element elementor-element-31162f7\" data-id=\"31162f7\" data-element_type=\"column\">\n\t\t\t<div class=\"elementor-column-wrap\">\n\t\t\t\t\t\t\t<div class=\"elementor-widget-wrap\">\n\t\t\t\t\t\t\t\t<\/div>\n\t\t\t\t\t<\/div>\n\t\t<\/div>\n\t\t\t\t<div class=\"elementor-column elementor-col-25 elementor-top-column elementor-element elementor-element-6a4f341\" data-id=\"6a4f341\" data-element_type=\"column\" data-settings=\"{&quot;background_background&quot;:&quot;classic&quot;}\">\n\t\t\t<div class=\"elementor-column-wrap elementor-element-populated\">\n\t\t\t\t\t\t\t<div class=\"elementor-widget-wrap\">\n\t\t\t\t\t\t<div class=\"elementor-element elementor-element-18f1b44 elementor-widget elementor-widget-image\" data-id=\"18f1b44\" data-element_type=\"widget\" data-widget_type=\"image.default\">\n\t\t\t\t<div class=\"elementor-widget-container\">\n\t\t\t\t\t\t\t\t<div class=\"elementor-image\">\n\t\t\t\t\t\t\t\t\t\t\t\t<img width=\"837\" height=\"837\" src=\"https:\/\/ktcare.asia\/wp-content\/uploads\/2020\/12\/whiteline.png\" class=\"attachment-large size-large\" alt=\"\" loading=\"lazy\" srcset=\"https:\/\/ktcare.asia\/wp-content\/uploads\/2020\/12\/whiteline.png 992w, https:\/\/ktcare.asia\/wp-content\/uploads\/2020\/12\/whiteline-300x300.png 300w, https:\/\/ktcare.asia\/wp-content\/uploads\/2020\/12\/whiteline-150x150.png 150w, https:\/\/ktcare.asia\/wp-content\/uploads\/2020\/12\/whiteline-768x768.png 768w, https:\/\/ktcare.asia\/wp-content\/uploads\/2020\/12\/whiteline-800x800.png 800w\" sizes=\"(max-width: 837px) 100vw, 837px\" \/>\t\t\t\t\t\t\t\t\t\t\t\t\t\t<\/div>\n\t\t\t\t\t\t<\/div>\n\t\t\t\t<\/div>\n\t\t\t\t\t\t<\/div>\n\t\t\t\t\t<\/div>\n\t\t<\/div>\n\t\t\t\t<div class=\"elementor-column elementor-col-25 elementor-top-column elementor-element elementor-element-4f31742\" data-id=\"4f31742\" data-element_type=\"column\">\n\t\t\t<div class=\"elementor-column-wrap elementor-element-populated\">\n\t\t\t\t\t\t\t<div class=\"elementor-widget-wrap\">\n\t\t\t\t\t\t<div class=\"elementor-element elementor-element-3b0a9c5 elementor-widget elementor-widget-heading\" data-id=\"3b0a9c5\" data-element_type=\"widget\" data-widget_type=\"heading.default\">\n\t\t\t\t<div class=\"elementor-widget-container\">\n\t\t\t<h2 class=\"elementor-heading-title elementor-size-default\">\u00c9l\u00e9gant et \u00e9co-responsable<\/h2>\t\t<\/div>\n\t\t\t\t<\/div>\n\t\t\t\t<div class=\"elementor-element elementor-element-d982765 elementor-widget elementor-widget-text-editor\" data-id=\"d982765\" data-element_type=\"widget\" data-widget_type=\"text-editor.default\">\n\t\t\t\t<div class=\"elementor-widget-container\">\n\t\t\t\t\t\t\t\t<div class=\"elementor-text-editor elementor-clearfix\">\n\t\t\t\t<p>Chez KT Care, nous pensons que les emballages peuvent \u00eatre \u00e0 la fois \u00e9l\u00e9gants et respectueux de l&#8217;environnement. Les mat\u00e9riaux d&#8217;emballage que nous utilisons sont certifi\u00e9s FSC ou recycl\u00e9s. Le plastique est interdit. Lors de l&#8217;exp\u00e9dition, l&#8217;espace vide inutile est r\u00e9duit au strict minimum.<\/p>\n\t\t\t\t\t<\/div>\n\t\t\t\t\t\t<\/div>\n\t\t\t\t<\/div>\n\t\t\t\t\t\t<\/div>\n\t\t\t\t\t<\/div>\n\t\t<\/div>\n\t\t\t\t<div class=\"elementor-column elementor-col-25 elementor-top-column elementor-element elementor-element-c0ee0bc\" data-id=\"c0ee0bc\" data-element_type=\"column\">\n\t\t\t<div class=\"elementor-column-wrap\">\n\t\t\t\t\t\t\t<div class=\"elementor-widget-wrap\">\n\t\t\t\t\t\t\t\t<\/div>\n\t\t\t\t\t<\/div>\n\t\t<\/div>\n\t\t\t\t\t\t\t\t<\/div>\n\t\t\t\t\t<\/div>\n\t\t<\/section>\n\t\t\t\t\t\t\t\t\t<\/div>\n\t\t\t<\/div>\n\t\t\t\t\t<\/div>\n\t\t","protected":false},"excerpt":{"rendered":"<p>Nous nous soucions de la plan\u00e8te Chez KT Care, nous nous soucions de notre environnement. En m\u00eame temps, nous pensons qu&#8217;il est possible de concilier le bien-\u00eatre de la plan\u00e8te avec notre propre confort. Notre approche n&#8217;est ni parfaite ni infaillible, mais nos efforts sont bien r\u00e9els. Un produit propre Le gant d\u00e9maquillant KT Care\n <a href=\"https:\/\/ktcare.asia\/fr\/nous-nous-soucions-de-la-planete\/\" class=\"read-more below\" title=\"READ MORE\">READ MORE<\/a><\/p>","protected":false},"author":1,"featured_media":0,"parent":0,"menu_order":0,"comment_status":"closed","ping_status":"closed","template":"","meta":[],"yoast_head":"<!-- This site is optimized with the Yoast SEO plugin v16.6.1 - https:\/\/yoast.com\/wordpress\/plugins\/seo\/ -->\n<title>Nous nous soucions de la plan\u00e8te - KT Care Asia<\/title>\n<meta name=\"robots\" content=\"index, follow, max-snippet:-1, max-image-preview:large, max-video-preview:-1\" \/>\n<link rel=\"canonical\" href=\"https:\/\/ktcare.asia\/we-care-about-the-planet\/\" \/>\n<meta property=\"og:locale\" content=\"fr_FR\" \/>\n<meta property=\"og:type\" content=\"article\" \/>\n<meta property=\"og:title\" content=\"Nous nous soucions de la plan\u00e8te - KT Care Asia\" \/>\n<meta property=\"og:description\" content=\"Nous nous soucions de la plan\u00e8te Chez KT Care, nous nous soucions de notre environnement. En m\u00eame temps, nous pensons qu&#8217;il est possible de concilier le bien-\u00eatre de la plan\u00e8te avec notre propre confort. Notre approche n&#8217;est ni parfaite ni infaillible, mais nos efforts sont bien r\u00e9els. Un produit propre Le gant d\u00e9maquillant KT Care\" \/>\n<meta property=\"og:url\" content=\"https:\/\/ktcare.asia\/we-care-about-the-planet\/\" \/>\n<meta property=\"og:site_name\" content=\"KT Care Asia\" \/>\n<meta property=\"article:modified_time\" content=\"2021-03-12T06:16:13+00:00\" \/>\n<meta property=\"og:image\" content=\"https:\/\/ktcare.asia\/wp-content\/uploads\/2020\/12\/whiteline.png\" \/>\n<meta name=\"twitter:card\" content=\"summary_large_image\" \/>\n<meta name=\"twitter:label1\" content=\"Dur\u00e9e de lecture est.\" \/>\n\t<meta name=\"twitter:data1\" content=\"1 minute\" \/>\n<script type=\"application\/ld+json\" class=\"yoast-schema-graph\">{\"@context\":\"https:\/\/schema.org\",\"@graph\":[{\"@type\":\"WebSite\",\"@id\":\"https:\/\/ktcare.asia\/#website\",\"url\":\"https:\/\/ktcare.asia\/\",\"name\":\"KT Care Asia\",\"description\":\"The new touch for the environment\",\"potentialAction\":[{\"@type\":\"SearchAction\",\"target\":{\"@type\":\"EntryPoint\",\"urlTemplate\":\"https:\/\/ktcare.asia\/?s={search_term_string}\"},\"query-input\":\"required name=search_term_string\"}],\"inLanguage\":\"fr-FR\"},{\"@type\":\"ImageObject\",\"@id\":\"https:\/\/ktcare.asia\/we-care-about-the-planet\/#primaryimage\",\"inLanguage\":\"fr-FR\",\"url\":\"https:\/\/ktcare.asia\/wp-content\/uploads\/2020\/12\/whiteline.png\",\"contentUrl\":\"https:\/\/ktcare.asia\/wp-content\/uploads\/2020\/12\/whiteline.png\",\"width\":992,\"height\":992},{\"@type\":\"WebPage\",\"@id\":\"https:\/\/ktcare.asia\/we-care-about-the-planet\/#webpage\",\"url\":\"https:\/\/ktcare.asia\/we-care-about-the-planet\/\",\"name\":\"Nous nous soucions de la plan\\u00e8te - KT Care Asia\",\"isPartOf\":{\"@id\":\"https:\/\/ktcare.asia\/#website\"},\"primaryImageOfPage\":{\"@id\":\"https:\/\/ktcare.asia\/we-care-about-the-planet\/#primaryimage\"},\"datePublished\":\"2021-03-12T06:16:12+00:00\",\"dateModified\":\"2021-03-12T06:16:13+00:00\",\"breadcrumb\":{\"@id\":\"https:\/\/ktcare.asia\/we-care-about-the-planet\/#breadcrumb\"},\"inLanguage\":\"fr-FR\",\"potentialAction\":[{\"@type\":\"ReadAction\",\"target\":[\"https:\/\/ktcare.asia\/we-care-about-the-planet\/\"]}]},{\"@type\":\"BreadcrumbList\",\"@id\":\"https:\/\/ktcare.asia\/we-care-about-the-planet\/#breadcrumb\",\"itemListElement\":[{\"@type\":\"ListItem\",\"position\":1,\"name\":\"Home\",\"item\":\"https:\/\/ktcare.asia\/\"},{\"@type\":\"ListItem\",\"position\":2,\"name\":\"Nous nous soucions de la plan\\u00e8te\"}]}]}<\/script>\n<!-- \/ Yoast SEO plugin. -->","_links":{"self":[{"href":"https:\/\/ktcare.asia\/fr\/wp-json\/wp\/v2\/pages\/920"}],"collection":[{"href":"https:\/\/ktcare.asia\/fr\/wp-json\/wp\/v2\/pages"}],"about":[{"href":"https:\/\/ktcare.asia\/fr\/wp-json\/wp\/v2\/types\/page"}],"author":[{"embeddable":true,"href":"https:\/\/ktcare.asia\/fr\/wp-json\/wp\/v2\/users\/1"}],"replies":[{"embeddable":true,"href":"https:\/\/ktcare.asia\/fr\/wp-json\/wp\/v2\/comments?post=920"}],"version-history":[{"count":1,"href":"https:\/\/ktcare.asia\/fr\/wp-json\/wp\/v2\/pages\/920\/revisions"}],"predecessor-version":[{"id":921,"href":"https:\/\/ktcare.asia\/fr\/wp-json\/wp\/v2\/pages\/920\/revisions\/921"}],"wp:attachment":[{"href":"https:\/\/ktcare.asia\/fr\/wp-json\/wp\/v2\/media?parent=920"}],"curies":[{"name":"wp","href":"https:\/\/api.w.org\/{rel}","templated":true}]}}